{"id":52692,"date":"2021-07-17T15:51:21","date_gmt":"2021-07-17T19:51:21","guid":{"rendered":"https:\/\/test.cduasl.ca\/test_site\/?page_id=52692"},"modified":"2021-08-11T19:03:10","modified_gmt":"2021-08-11T23:03:10","slug":"entrevues-reportages-dans-les-medias","status":"publish","type":"page","link":"https:\/\/test.cduasl.ca\/test_site\/fr\/entrevues-reportages-dans-les-medias\/","title":{"rendered":"Entrevues, reportages dans les m\u00e9dias"},"content":{"rendered":"<p>&nbsp;<\/p>\n<h3><a href=\"https:\/\/test.cduasl.ca\/test_site\/fr\/2021\/08\/journal-st-lambert-11-aout-2021\/\">11 ao\u00fbt 2021 : Journal de St-Lambert |  Par les autorit\u00e9s sanitaires \u00ab\u00a0Le CHSLD Argyle fait l&rsquo;objet d&rsquo;enqu\u00eate\u00a0\u00bb<\/a><br \/>\n&nbsp;<\/p>\n<h3><a href=\"https:\/\/ici.radio-canada.ca\/ohdio\/premiere\/emissions\/region-zero-8\/episodes\/555100\/rattrapage-du-mardi-27-juillet-2021\/11\">27 juillet 2021 : Radio-Canada(Ohdio) | Extrait audio : \u00ab\u00a0La banalisation de la maltraitance chronique\u00a0\u00bb soutient le CPM<\/a><\/h3>\n<p>&nbsp;<\/p>\n<h3><a href=\"https:\/\/test.cduasl.ca\/test_site\/wp-content\/uploads\/2021\/07\/20210723-CPM-communique.pdf\">23 juillet 2021 : CPM | Communiqu\u00e9 : La banalisation de la maltraitance chronique observ\u00e9e dam plusieurs RI et RPA m\u00e9rite une attention urgente et s\u00e9rieuse, soutient le CPM<\/a><\/h3>\n<p>&nbsp;<\/p>\n<h3><a href=\"https:\/\/www.lecourrierdusud.ca\/Negligence-au-CHSLD-Argyle-un-enqueteur-independant-mandate-pour-evaluer-la-situation\/\">21 juillet 2021 : Le Courrier du Sud | N\u00e9gligence au CHSLD Argyle : un enqu\u00eateur ind\u00e9pendant mandat\u00e9 pour \u00e9valuer la situation<\/a><\/h3>\n<p>&nbsp;<\/p>\n<h3><a href=\"https:\/\/test.cduasl.ca\/test_site\/wp-content\/uploads\/2021\/07\/entrevue-chaa.mp3\">20 juillet 2021 : FM 103,3 | Entrevue avec M. Daniel Gagn\u00e9, pr\u00e9sident du comit\u00e9 des usagers Argyle \/ St-Lambert<\/a><\/h3>\n<p>&nbsp;<\/p>\n<h3><a href=\"https:\/\/www.ledevoir.com\/opinion\/editoriaux\/619209\/chsld-recits-d-horreur-en-chsld-cessons-de-faire-l-eloge-de-la-mediocrite?utm_source=infolettre-2021-07-20&#038;utm_medium=email&#038;utm_campaign=infolettre-quotidienne\">20 juillet 2021 : Le Devoir | R\u00e9cits d\u2019horreur en CHSLD: cessons de faire l\u2019\u00e9loge de la m\u00e9diocrit\u00e9<\/a><\/h3>\n<p>&nbsp;<\/p>\n<h3><a href=\"https:\/\/thecanadian.news\/2021\/07\/19\/unacceptable-facts-in-a-residence-in-saint-lambert-says-the-minister-responsible-for-seniors\/\">20 juillet 2021 : The Canadian | \u201cUnacceptable facts\u201d in a residence in Saint-Lambert, says the Minister responsible for Seniors<\/a><\/h3>\n<p>&nbsp;<\/p>\n<h3><a href=\"https:\/\/www.msn.com\/fr-ca\/actualites\/quebec-canada\/%E2%80%8Bn%C3%A9gligence-dans-un-chsld-de-saint-lambert-%C2%ABinadmissible%C2%BB-dit-la-ministre-blais\/ar-AAMkumZ\">19 juillet 2021 : 19 juillet : MSN \/ Le Devoir | N\u00e9gligence dans un CHSLD de Saint-Lambert: \u00abinadmissible\u00bb, dit la ministre Blais<\/a><\/h3>\n<p>&nbsp;<\/p>\n<h3><a href=\"https:\/\/www.fm1033.ca\/une-enquete-ouverte-au-chsld-argyle-les-ecluses-saint-lambert\/\">19 juillet 2021 : FM 103,3 | Une enqu\u00eate ouverte au CHSLD Argyle\/Les \u00c9cluses Saint-Lambert<\/a><\/h3>\n<p>&nbsp;<\/p>\n<h3><a href=\"https:\/\/www.985fm.ca\/recherche?query=chsld%20argyle\">19 juillet 2021 : FM 98,5 | N\u00e9gligence CHSLD Argyle\/ Les \u00e9cluses  \u1fdb Entrevue avec St\u00e9phanie Vallet, Le Devoir<\/a><\/h3>\n<p>&nbsp;<\/p>\n<h3><a href=\"https:\/\/www.ledevoir.com\/societe\/sante\/619086\/sante-negligence-dans-une-residence-privee-pour-aines-de-saint-lambert\">19 juillet 2021: Le Devoir | Enqu\u00eate au CHSLD Argyle, R\u00e9sidence Les \u00c9cluses St-Lambert<\/a><\/h3>\n<p>&nbsp;<\/p>\n<h3><a href=\"https:\/\/www.lecourrierdusud.ca\/covid-19-les-militaires-preoccupes-par-la-situation-au-chsld-argyle\/\">3 juin 2021: Le Courrier du Sud | Les militaires pr\u00e9occup\u00e9s par la situation au CHSLD Argyle<\/a><\/h3>\n<p>&nbsp;<\/p>\n<h3><a href=\"http:\/\/www.fm1033.ca\/un-comite-des-usagers-denonce-une-situation-dans-une-residence-non-conventionnee\/\">18 mars 2020 : FM 103,3 | Un comit\u00e9 des usagers d\u00e9nonce une situation dans une r\u00e9sidence non-conventionn\u00e9e<\/a><\/h3>\n<p>&nbsp;<\/p>\n","protected":false},"excerpt":{"rendered":"<p>&nbsp; 11 ao\u00fbt 2021 : Journal de St-Lambert | Par les autorit\u00e9s sanitaires \u00ab\u00a0Le CHSLD Argyle fait l&rsquo;objet d&rsquo;enqu\u00eate\u00a0\u00bb &nbsp; 27 juillet 2021 : Radio-Canada(Ohdio) | Extrait audio : \u00ab\u00a0La banalisation de la maltraitance chronique\u00a0\u00bb soutient le CPM &nbsp; 23 juillet 2021 : CPM | Communiqu\u00e9 : La banalisation de la maltraitance chronique observ\u00e9e dam [&hellip;]<\/p>\n","protected":false},"author":1,"featured_media":0,"parent":0,"menu_order":0,"comment_status":"closed","ping_status":"closed","template":"","meta":{"_acf_changed":false,"_mc_calendar":[],"footnotes":""},"class_list":["post-52692","page","type-page","status-publish","hentry"],"acf":[],"yoast_head":"<!-- This site is optimized with the Yoast SEO plugin v27.4 - https:\/\/yoast.com\/product\/yoast-seo-wordpress\/ -->\n<title>Entrevues, reportages dans les m\u00e9dias - Comit\u00e9 des usagers Argyle \/ St-Lambert<\/title>\n<meta name=\"description\" content=\"Liens vers les entrevues, reportages dans les medias suite \u00e0 la Demande d\u2019enqu\u00eate sur la gestion du CHSLD Argyle, la R\u00e9sidence Les \u00c9cluses St-Lambert et le CISSS Mont\u00e9r\u00e9gie-Centre\" \/>\n<meta name=\"robots\" content=\"index, follow, max-snippet:-1, max-image-preview:large, max-video-preview:-1\" \/>\n<link rel=\"canonical\" href=\"https:\/\/test.cduasl.ca\/test_site\/fr\/entrevues-reportages-dans-les-medias\/\" \/>\n<meta property=\"og:locale\" content=\"fr_CA\" \/>\n<meta property=\"og:type\" content=\"article\" \/>\n<meta property=\"og:title\" content=\"Entrevues, reportages dans les m\u00e9dias - Comit\u00e9 des usagers Argyle \/ St-Lambert\" \/>\n<meta property=\"og:description\" content=\"Liens vers les entrevues, reportages dans les medias suite \u00e0 la Demande d\u2019enqu\u00eate sur la gestion du CHSLD Argyle, la R\u00e9sidence Les \u00c9cluses St-Lambert et le CISSS Mont\u00e9r\u00e9gie-Centre\" \/>\n<meta property=\"og:url\" content=\"https:\/\/test.cduasl.ca\/test_site\/fr\/entrevues-reportages-dans-les-medias\/\" \/>\n<meta property=\"og:site_name\" content=\"Comit\u00e9 des usagers Argyle \/ St-Lambert\" \/>\n<meta property=\"article:publisher\" content=\"https:\/\/www.facebook.com\/cduasl\/\" \/>\n<meta property=\"article:modified_time\" content=\"2021-08-11T23:03:10+00:00\" \/>\n<meta name=\"twitter:card\" content=\"summary_large_image\" \/>\n<meta name=\"twitter:label1\" content=\"Estimation du temps de lecture\" \/>\n\t<meta name=\"twitter:data1\" content=\"1 minute\" \/>\n<script type=\"application\/ld+json\" class=\"yoast-schema-graph\">{\"@context\":\"https:\\\/\\\/schema.org\",\"@graph\":[{\"@type\":\"WebPage\",\"@id\":\"https:\\\/\\\/test.cduasl.ca\\\/test_site\\\/fr\\\/entrevues-reportages-dans-les-medias\\\/\",\"url\":\"https:\\\/\\\/test.cduasl.ca\\\/test_site\\\/fr\\\/entrevues-reportages-dans-les-medias\\\/\",\"name\":\"Entrevues, reportages dans les m\u00e9dias - Comit\u00e9 des usagers Argyle \\\/ St-Lambert\",\"isPartOf\":{\"@id\":\"https:\\\/\\\/test.cduasl.ca\\\/test_site\\\/#website\"},\"datePublished\":\"2021-07-17T19:51:21+00:00\",\"dateModified\":\"2021-08-11T23:03:10+00:00\",\"description\":\"Liens vers les entrevues, reportages dans les medias suite \u00e0 la Demande d\u2019enqu\u00eate sur la gestion du CHSLD Argyle, la R\u00e9sidence Les \u00c9cluses St-Lambert et le CISSS Mont\u00e9r\u00e9gie-Centre\",\"breadcrumb\":{\"@id\":\"https:\\\/\\\/test.cduasl.ca\\\/test_site\\\/fr\\\/entrevues-reportages-dans-les-medias\\\/#breadcrumb\"},\"inLanguage\":\"fr-CA\",\"potentialAction\":[{\"@type\":\"ReadAction\",\"target\":[\"https:\\\/\\\/test.cduasl.ca\\\/test_site\\\/fr\\\/entrevues-reportages-dans-les-medias\\\/\"]}]},{\"@type\":\"BreadcrumbList\",\"@id\":\"https:\\\/\\\/test.cduasl.ca\\\/test_site\\\/fr\\\/entrevues-reportages-dans-les-medias\\\/#breadcrumb\",\"itemListElement\":[{\"@type\":\"ListItem\",\"position\":1,\"name\":\"Home\",\"item\":\"https:\\\/\\\/test.cduasl.ca\\\/test_site\\\/fr\\\/\"},{\"@type\":\"ListItem\",\"position\":2,\"name\":\"Entrevues, reportages dans les m\u00e9dias\"}]},{\"@type\":\"WebSite\",\"@id\":\"https:\\\/\\\/test.cduasl.ca\\\/test_site\\\/#website\",\"url\":\"https:\\\/\\\/test.cduasl.ca\\\/test_site\\\/\",\"name\":\"Comit\u00e9 des usagers Argyle \\\/ St-Lambert\",\"description\":\"Votre pr\u00e9cieux bras droit\",\"publisher\":{\"@id\":\"https:\\\/\\\/test.cduasl.ca\\\/test_site\\\/#organization\"},\"potentialAction\":[{\"@type\":\"SearchAction\",\"target\":{\"@type\":\"EntryPoint\",\"urlTemplate\":\"https:\\\/\\\/test.cduasl.ca\\\/test_site\\\/?s={search_term_string}\"},\"query-input\":{\"@type\":\"PropertyValueSpecification\",\"valueRequired\":true,\"valueName\":\"search_term_string\"}}],\"inLanguage\":\"fr-CA\"},{\"@type\":\"Organization\",\"@id\":\"https:\\\/\\\/test.cduasl.ca\\\/test_site\\\/#organization\",\"name\":\"Comit\u00e9 des usagers Argyle \\\/ St-Lambert\",\"url\":\"https:\\\/\\\/test.cduasl.ca\\\/test_site\\\/\",\"logo\":{\"@type\":\"ImageObject\",\"inLanguage\":\"fr-CA\",\"@id\":\"https:\\\/\\\/test.cduasl.ca\\\/test_site\\\/#\\\/schema\\\/logo\\\/image\\\/\",\"url\":\"https:\\\/\\\/test.cduasl.ca\\\/test_site\\\/wp-content\\\/uploads\\\/2018\\\/02\\\/logo.png\",\"contentUrl\":\"https:\\\/\\\/test.cduasl.ca\\\/test_site\\\/wp-content\\\/uploads\\\/2018\\\/02\\\/logo.png\",\"width\":300,\"height\":300,\"caption\":\"Comit\u00e9 des usagers Argyle \\\/ St-Lambert\"},\"image\":{\"@id\":\"https:\\\/\\\/test.cduasl.ca\\\/test_site\\\/#\\\/schema\\\/logo\\\/image\\\/\"},\"sameAs\":[\"https:\\\/\\\/www.facebook.com\\\/cduasl\\\/\"]}]}<\/script>\n<!-- \/ Yoast SEO plugin. -->","yoast_head_json":{"title":"Entrevues, reportages dans les m\u00e9dias - Comit\u00e9 des usagers Argyle \/ St-Lambert","description":"Liens vers les entrevues, reportages dans les medias suite \u00e0 la Demande d\u2019enqu\u00eate sur la gestion du CHSLD Argyle, la R\u00e9sidence Les \u00c9cluses St-Lambert et le CISSS Mont\u00e9r\u00e9gie-Centre","robots":{"index":"index","follow":"follow","max-snippet":"max-snippet:-1","max-image-preview":"max-image-preview:large","max-video-preview":"max-video-preview:-1"},"canonical":"https:\/\/test.cduasl.ca\/test_site\/fr\/entrevues-reportages-dans-les-medias\/","og_locale":"fr_CA","og_type":"article","og_title":"Entrevues, reportages dans les m\u00e9dias - Comit\u00e9 des usagers Argyle \/ St-Lambert","og_description":"Liens vers les entrevues, reportages dans les medias suite \u00e0 la Demande d\u2019enqu\u00eate sur la gestion du CHSLD Argyle, la R\u00e9sidence Les \u00c9cluses St-Lambert et le CISSS Mont\u00e9r\u00e9gie-Centre","og_url":"https:\/\/test.cduasl.ca\/test_site\/fr\/entrevues-reportages-dans-les-medias\/","og_site_name":"Comit\u00e9 des usagers Argyle \/ St-Lambert","article_publisher":"https:\/\/www.facebook.com\/cduasl\/","article_modified_time":"2021-08-11T23:03:10+00:00","twitter_card":"summary_large_image","twitter_misc":{"Estimation du temps de lecture":"1 minute"},"schema":{"@context":"https:\/\/schema.org","@graph":[{"@type":"WebPage","@id":"https:\/\/test.cduasl.ca\/test_site\/fr\/entrevues-reportages-dans-les-medias\/","url":"https:\/\/test.cduasl.ca\/test_site\/fr\/entrevues-reportages-dans-les-medias\/","name":"Entrevues, reportages dans les m\u00e9dias - Comit\u00e9 des usagers Argyle \/ St-Lambert","isPartOf":{"@id":"https:\/\/test.cduasl.ca\/test_site\/#website"},"datePublished":"2021-07-17T19:51:21+00:00","dateModified":"2021-08-11T23:03:10+00:00","description":"Liens vers les entrevues, reportages dans les medias suite \u00e0 la Demande d\u2019enqu\u00eate sur la gestion du CHSLD Argyle, la R\u00e9sidence Les \u00c9cluses St-Lambert et le CISSS Mont\u00e9r\u00e9gie-Centre","breadcrumb":{"@id":"https:\/\/test.cduasl.ca\/test_site\/fr\/entrevues-reportages-dans-les-medias\/#breadcrumb"},"inLanguage":"fr-CA","potentialAction":[{"@type":"ReadAction","target":["https:\/\/test.cduasl.ca\/test_site\/fr\/entrevues-reportages-dans-les-medias\/"]}]},{"@type":"BreadcrumbList","@id":"https:\/\/test.cduasl.ca\/test_site\/fr\/entrevues-reportages-dans-les-medias\/#breadcrumb","itemListElement":[{"@type":"ListItem","position":1,"name":"Home","item":"https:\/\/test.cduasl.ca\/test_site\/fr\/"},{"@type":"ListItem","position":2,"name":"Entrevues, reportages dans les m\u00e9dias"}]},{"@type":"WebSite","@id":"https:\/\/test.cduasl.ca\/test_site\/#website","url":"https:\/\/test.cduasl.ca\/test_site\/","name":"Comit\u00e9 des usagers Argyle \/ St-Lambert","description":"Votre pr\u00e9cieux bras droit","publisher":{"@id":"https:\/\/test.cduasl.ca\/test_site\/#organization"},"potentialAction":[{"@type":"SearchAction","target":{"@type":"EntryPoint","urlTemplate":"https:\/\/test.cduasl.ca\/test_site\/?s={search_term_string}"},"query-input":{"@type":"PropertyValueSpecification","valueRequired":true,"valueName":"search_term_string"}}],"inLanguage":"fr-CA"},{"@type":"Organization","@id":"https:\/\/test.cduasl.ca\/test_site\/#organization","name":"Comit\u00e9 des usagers Argyle \/ St-Lambert","url":"https:\/\/test.cduasl.ca\/test_site\/","logo":{"@type":"ImageObject","inLanguage":"fr-CA","@id":"https:\/\/test.cduasl.ca\/test_site\/#\/schema\/logo\/image\/","url":"https:\/\/test.cduasl.ca\/test_site\/wp-content\/uploads\/2018\/02\/logo.png","contentUrl":"https:\/\/test.cduasl.ca\/test_site\/wp-content\/uploads\/2018\/02\/logo.png","width":300,"height":300,"caption":"Comit\u00e9 des usagers Argyle \/ St-Lambert"},"image":{"@id":"https:\/\/test.cduasl.ca\/test_site\/#\/schema\/logo\/image\/"},"sameAs":["https:\/\/www.facebook.com\/cduasl\/"]}]}},"_links":{"self":[{"href":"https:\/\/test.cduasl.ca\/test_site\/wp-json\/wp\/v2\/pages\/52692","targetHints":{"allow":["GET"]}}],"collection":[{"href":"https:\/\/test.cduasl.ca\/test_site\/wp-json\/wp\/v2\/pages"}],"about":[{"href":"https:\/\/test.cduasl.ca\/test_site\/wp-json\/wp\/v2\/types\/page"}],"author":[{"embeddable":true,"href":"https:\/\/test.cduasl.ca\/test_site\/wp-json\/wp\/v2\/users\/1"}],"replies":[{"embeddable":true,"href":"https:\/\/test.cduasl.ca\/test_site\/wp-json\/wp\/v2\/comments?post=52692"}],"version-history":[{"count":22,"href":"https:\/\/test.cduasl.ca\/test_site\/wp-json\/wp\/v2\/pages\/52692\/revisions"}],"predecessor-version":[{"id":52727,"href":"https:\/\/test.cduasl.ca\/test_site\/wp-json\/wp\/v2\/pages\/52692\/revisions\/52727"}],"wp:attachment":[{"href":"https:\/\/test.cduasl.ca\/test_site\/wp-json\/wp\/v2\/media?parent=52692"}],"curies":[{"name":"wp","href":"https:\/\/api.w.org\/{rel}","templated":true}]}}