{"id":325,"date":"2017-10-04T03:41:07","date_gmt":"2017-10-04T03:41:07","guid":{"rendered":"https:\/\/test.cduasl.ca\/test_site\/?page_id=325"},"modified":"2024-02-21T22:51:39","modified_gmt":"2024-02-22T03:51:39","slug":"accueil","status":"publish","type":"page","link":"https:\/\/test.cduasl.ca\/test_site\/fr\/","title":{"rendered":"Accueil"},"content":{"rendered":"<p><u><b>Bienvenue sur le site du comit\u00e9<\/b><\/u><\/p>\n<p>Vous trouverez sur ce site de l\u2019information pour vous aider \u00e0 comprendre le r\u00f4le du comit\u00e9 des usagers Argyle\/St-Lambert et l\u2019aide qu\u2019il peut vous apporter en tant qu\u2019usager de la r\u00e9sidence des \u00c9cluses et du CHSLD Argyle\/St-Lambert.<\/p>\n<p>Il est important que vous connaissiez vos droits et vos responsabilit\u00e9s. Le Comit\u00e9 des usagers a \u00e9t\u00e9 form\u00e9 afin de soutenir vos d\u00e9marches et apporter l\u2019aide dont vous avez besoin.<\/p>\n<p>Nous vous \u00e9coutons et nous voulons vous aider et ce, de fa\u00e7on confidentielle. Ce service est gratuit et est assur\u00e9 par des b\u00e9n\u00e9voles qui ont \u00e0 c\u0153ur vos int\u00e9r\u00eats en tant qu\u2019usagers.<\/p>\n<p>Afin de vous aider le plus fid\u00e8lement possible, nous vous invitons \u00e0\u00a0<a href=\"mailto:cduasl@hotmail.com\">communiquer avec nous<\/a>.\u00a0 Il nous fera un plaisir de vous assister et de r\u00e9pondre \u00e0 vos questions.<\/p>\n<p>Notre comit\u00e9 est membre-affili\u00e9 du<\/p>\n<ul>\n<li><a href=\"https:\/\/rpcu.qc.ca\/\">Rassemblement provincial des comit\u00e9s de usagers<\/a> \u00a0 <img loading=\"lazy\" decoding=\"async\" style=\"vertical-align: middle;\" src=\"https:\/\/rpcu.qc.ca\/wp-content\/uploads\/2019\/02\/logo_rpcu.png\" alt=\"rpcu\" width=\"260\" height=\"60\" \/>\n<\/li>\n<\/ul>\n","protected":false},"excerpt":{"rendered":"<p>Bienvenue sur le site du comit\u00e9 Vous trouverez sur ce site de l\u2019information pour vous aider \u00e0 comprendre le r\u00f4le du comit\u00e9 des usagers Argyle\/St-Lambert et l\u2019aide qu\u2019il peut vous apporter en tant qu\u2019usager de la r\u00e9sidence des \u00c9cluses et du CHSLD Argyle\/St-Lambert. Il est important que vous connaissiez vos droits et vos responsabilit\u00e9s. Le [&hellip;]<\/p>\n","protected":false},"author":1,"featured_media":42800,"parent":0,"menu_order":0,"comment_status":"closed","ping_status":"closed","template":"page-scs.php","meta":{"_acf_changed":false,"_mc_calendar":[],"footnotes":""},"class_list":["post-325","page","type-page","status-publish","has-post-thumbnail","hentry"],"acf":[],"yoast_head":"<!-- This site is optimized with the Yoast SEO plugin v27.4 - https:\/\/yoast.com\/product\/yoast-seo-wordpress\/ -->\n<title>Accueil - Comit\u00e9 des usagers Argyle \/ St-Lambert<\/title>\n<meta name=\"description\" content=\"Description sommaire des renseignements que vous pouvez trouver sur le site du Comit\u00e9 des usagers Argyle \/ St-Lambert\" \/>\n<meta name=\"robots\" content=\"index, follow, max-snippet:-1, max-image-preview:large, max-video-preview:-1\" \/>\n<link rel=\"canonical\" href=\"https:\/\/test.cduasl.ca\/test_site\/fr\/\" \/>\n<meta property=\"og:locale\" content=\"fr_CA\" \/>\n<meta property=\"og:type\" content=\"article\" \/>\n<meta property=\"og:title\" content=\"Accueil - Comit\u00e9 des usagers Argyle \/ St-Lambert\" \/>\n<meta property=\"og:description\" content=\"Description sommaire des renseignements que vous pouvez trouver sur le site du Comit\u00e9 des usagers Argyle \/ St-Lambert\" \/>\n<meta property=\"og:url\" content=\"https:\/\/test.cduasl.ca\/test_site\/fr\/\" \/>\n<meta property=\"og:site_name\" content=\"Comit\u00e9 des usagers Argyle \/ St-Lambert\" \/>\n<meta property=\"article:publisher\" content=\"https:\/\/www.facebook.com\/cduasl\/\" \/>\n<meta property=\"article:modified_time\" content=\"2024-02-22T03:51:39+00:00\" \/>\n<meta property=\"og:image\" content=\"https:\/\/test.cduasl.ca\/test_site\/wp-content\/uploads\/2021\/05\/logo-CDUASL.jpg\" \/>\n\t<meta property=\"og:image:width\" content=\"100\" \/>\n\t<meta property=\"og:image:height\" content=\"100\" \/>\n\t<meta property=\"og:image:type\" content=\"image\/jpeg\" \/>\n<meta name=\"twitter:card\" content=\"summary_large_image\" \/>\n<meta name=\"twitter:label1\" content=\"Estimation du temps de lecture\" \/>\n\t<meta name=\"twitter:data1\" content=\"1 minute\" \/>\n<script type=\"application\/ld+json\" class=\"yoast-schema-graph\">{\"@context\":\"https:\\\/\\\/schema.org\",\"@graph\":[{\"@type\":\"WebPage\",\"@id\":\"https:\\\/\\\/test.cduasl.ca\\\/test_site\\\/fr\\\/\",\"url\":\"https:\\\/\\\/test.cduasl.ca\\\/test_site\\\/fr\\\/\",\"name\":\"Accueil - Comit\u00e9 des usagers Argyle \\\/ St-Lambert\",\"isPartOf\":{\"@id\":\"https:\\\/\\\/test.cduasl.ca\\\/test_site\\\/#website\"},\"primaryImageOfPage\":{\"@id\":\"https:\\\/\\\/test.cduasl.ca\\\/test_site\\\/fr\\\/#primaryimage\"},\"image\":{\"@id\":\"https:\\\/\\\/test.cduasl.ca\\\/test_site\\\/fr\\\/#primaryimage\"},\"thumbnailUrl\":\"https:\\\/\\\/test.cduasl.ca\\\/test_site\\\/wp-content\\\/uploads\\\/2021\\\/05\\\/logo-CDUASL.jpg\",\"datePublished\":\"2017-10-04T03:41:07+00:00\",\"dateModified\":\"2024-02-22T03:51:39+00:00\",\"description\":\"Description sommaire des renseignements que vous pouvez trouver sur le site du Comit\u00e9 des usagers Argyle \\\/ St-Lambert\",\"breadcrumb\":{\"@id\":\"https:\\\/\\\/test.cduasl.ca\\\/test_site\\\/fr\\\/#breadcrumb\"},\"inLanguage\":\"fr-CA\",\"potentialAction\":[{\"@type\":\"ReadAction\",\"target\":[\"https:\\\/\\\/test.cduasl.ca\\\/test_site\\\/fr\\\/\"]}]},{\"@type\":\"ImageObject\",\"inLanguage\":\"fr-CA\",\"@id\":\"https:\\\/\\\/test.cduasl.ca\\\/test_site\\\/fr\\\/#primaryimage\",\"url\":\"https:\\\/\\\/test.cduasl.ca\\\/test_site\\\/wp-content\\\/uploads\\\/2021\\\/05\\\/logo-CDUASL.jpg\",\"contentUrl\":\"https:\\\/\\\/test.cduasl.ca\\\/test_site\\\/wp-content\\\/uploads\\\/2021\\\/05\\\/logo-CDUASL.jpg\",\"width\":100,\"height\":100},{\"@type\":\"BreadcrumbList\",\"@id\":\"https:\\\/\\\/test.cduasl.ca\\\/test_site\\\/fr\\\/#breadcrumb\",\"itemListElement\":[{\"@type\":\"ListItem\",\"position\":1,\"name\":\"Home\",\"item\":\"https:\\\/\\\/test.cduasl.ca\\\/test_site\\\/fr\\\/\"},{\"@type\":\"ListItem\",\"position\":2,\"name\":\"Accueil\"}]},{\"@type\":\"WebSite\",\"@id\":\"https:\\\/\\\/test.cduasl.ca\\\/test_site\\\/#website\",\"url\":\"https:\\\/\\\/test.cduasl.ca\\\/test_site\\\/\",\"name\":\"Comit\u00e9 des usagers Argyle \\\/ St-Lambert\",\"description\":\"Votre pr\u00e9cieux bras droit\",\"publisher\":{\"@id\":\"https:\\\/\\\/test.cduasl.ca\\\/test_site\\\/#organization\"},\"potentialAction\":[{\"@type\":\"SearchAction\",\"target\":{\"@type\":\"EntryPoint\",\"urlTemplate\":\"https:\\\/\\\/test.cduasl.ca\\\/test_site\\\/?s={search_term_string}\"},\"query-input\":{\"@type\":\"PropertyValueSpecification\",\"valueRequired\":true,\"valueName\":\"search_term_string\"}}],\"inLanguage\":\"fr-CA\"},{\"@type\":\"Organization\",\"@id\":\"https:\\\/\\\/test.cduasl.ca\\\/test_site\\\/#organization\",\"name\":\"Comit\u00e9 des usagers Argyle \\\/ St-Lambert\",\"url\":\"https:\\\/\\\/test.cduasl.ca\\\/test_site\\\/\",\"logo\":{\"@type\":\"ImageObject\",\"inLanguage\":\"fr-CA\",\"@id\":\"https:\\\/\\\/test.cduasl.ca\\\/test_site\\\/#\\\/schema\\\/logo\\\/image\\\/\",\"url\":\"https:\\\/\\\/test.cduasl.ca\\\/test_site\\\/wp-content\\\/uploads\\\/2018\\\/02\\\/logo.png\",\"contentUrl\":\"https:\\\/\\\/test.cduasl.ca\\\/test_site\\\/wp-content\\\/uploads\\\/2018\\\/02\\\/logo.png\",\"width\":300,\"height\":300,\"caption\":\"Comit\u00e9 des usagers Argyle \\\/ St-Lambert\"},\"image\":{\"@id\":\"https:\\\/\\\/test.cduasl.ca\\\/test_site\\\/#\\\/schema\\\/logo\\\/image\\\/\"},\"sameAs\":[\"https:\\\/\\\/www.facebook.com\\\/cduasl\\\/\"]}]}<\/script>\n<!-- \/ Yoast SEO plugin. -->","yoast_head_json":{"title":"Accueil - Comit\u00e9 des usagers Argyle \/ St-Lambert","description":"Description sommaire des renseignements que vous pouvez trouver sur le site du Comit\u00e9 des usagers Argyle \/ St-Lambert","robots":{"index":"index","follow":"follow","max-snippet":"max-snippet:-1","max-image-preview":"max-image-preview:large","max-video-preview":"max-video-preview:-1"},"canonical":"https:\/\/test.cduasl.ca\/test_site\/fr\/","og_locale":"fr_CA","og_type":"article","og_title":"Accueil - Comit\u00e9 des usagers Argyle \/ St-Lambert","og_description":"Description sommaire des renseignements que vous pouvez trouver sur le site du Comit\u00e9 des usagers Argyle \/ St-Lambert","og_url":"https:\/\/test.cduasl.ca\/test_site\/fr\/","og_site_name":"Comit\u00e9 des usagers Argyle \/ St-Lambert","article_publisher":"https:\/\/www.facebook.com\/cduasl\/","article_modified_time":"2024-02-22T03:51:39+00:00","og_image":[{"width":100,"height":100,"url":"https:\/\/test.cduasl.ca\/test_site\/wp-content\/uploads\/2021\/05\/logo-CDUASL.jpg","type":"image\/jpeg"}],"twitter_card":"summary_large_image","twitter_misc":{"Estimation du temps de lecture":"1 minute"},"schema":{"@context":"https:\/\/schema.org","@graph":[{"@type":"WebPage","@id":"https:\/\/test.cduasl.ca\/test_site\/fr\/","url":"https:\/\/test.cduasl.ca\/test_site\/fr\/","name":"Accueil - Comit\u00e9 des usagers Argyle \/ St-Lambert","isPartOf":{"@id":"https:\/\/test.cduasl.ca\/test_site\/#website"},"primaryImageOfPage":{"@id":"https:\/\/test.cduasl.ca\/test_site\/fr\/#primaryimage"},"image":{"@id":"https:\/\/test.cduasl.ca\/test_site\/fr\/#primaryimage"},"thumbnailUrl":"https:\/\/test.cduasl.ca\/test_site\/wp-content\/uploads\/2021\/05\/logo-CDUASL.jpg","datePublished":"2017-10-04T03:41:07+00:00","dateModified":"2024-02-22T03:51:39+00:00","description":"Description sommaire des renseignements que vous pouvez trouver sur le site du Comit\u00e9 des usagers Argyle \/ St-Lambert","breadcrumb":{"@id":"https:\/\/test.cduasl.ca\/test_site\/fr\/#breadcrumb"},"inLanguage":"fr-CA","potentialAction":[{"@type":"ReadAction","target":["https:\/\/test.cduasl.ca\/test_site\/fr\/"]}]},{"@type":"ImageObject","inLanguage":"fr-CA","@id":"https:\/\/test.cduasl.ca\/test_site\/fr\/#primaryimage","url":"https:\/\/test.cduasl.ca\/test_site\/wp-content\/uploads\/2021\/05\/logo-CDUASL.jpg","contentUrl":"https:\/\/test.cduasl.ca\/test_site\/wp-content\/uploads\/2021\/05\/logo-CDUASL.jpg","width":100,"height":100},{"@type":"BreadcrumbList","@id":"https:\/\/test.cduasl.ca\/test_site\/fr\/#breadcrumb","itemListElement":[{"@type":"ListItem","position":1,"name":"Home","item":"https:\/\/test.cduasl.ca\/test_site\/fr\/"},{"@type":"ListItem","position":2,"name":"Accueil"}]},{"@type":"WebSite","@id":"https:\/\/test.cduasl.ca\/test_site\/#website","url":"https:\/\/test.cduasl.ca\/test_site\/","name":"Comit\u00e9 des usagers Argyle \/ St-Lambert","description":"Votre pr\u00e9cieux bras droit","publisher":{"@id":"https:\/\/test.cduasl.ca\/test_site\/#organization"},"potentialAction":[{"@type":"SearchAction","target":{"@type":"EntryPoint","urlTemplate":"https:\/\/test.cduasl.ca\/test_site\/?s={search_term_string}"},"query-input":{"@type":"PropertyValueSpecification","valueRequired":true,"valueName":"search_term_string"}}],"inLanguage":"fr-CA"},{"@type":"Organization","@id":"https:\/\/test.cduasl.ca\/test_site\/#organization","name":"Comit\u00e9 des usagers Argyle \/ St-Lambert","url":"https:\/\/test.cduasl.ca\/test_site\/","logo":{"@type":"ImageObject","inLanguage":"fr-CA","@id":"https:\/\/test.cduasl.ca\/test_site\/#\/schema\/logo\/image\/","url":"https:\/\/test.cduasl.ca\/test_site\/wp-content\/uploads\/2018\/02\/logo.png","contentUrl":"https:\/\/test.cduasl.ca\/test_site\/wp-content\/uploads\/2018\/02\/logo.png","width":300,"height":300,"caption":"Comit\u00e9 des usagers Argyle \/ St-Lambert"},"image":{"@id":"https:\/\/test.cduasl.ca\/test_site\/#\/schema\/logo\/image\/"},"sameAs":["https:\/\/www.facebook.com\/cduasl\/"]}]}},"_links":{"self":[{"href":"https:\/\/test.cduasl.ca\/test_site\/wp-json\/wp\/v2\/pages\/325","targetHints":{"allow":["GET"]}}],"collection":[{"href":"https:\/\/test.cduasl.ca\/test_site\/wp-json\/wp\/v2\/pages"}],"about":[{"href":"https:\/\/test.cduasl.ca\/test_site\/wp-json\/wp\/v2\/types\/page"}],"author":[{"embeddable":true,"href":"https:\/\/test.cduasl.ca\/test_site\/wp-json\/wp\/v2\/users\/1"}],"replies":[{"embeddable":true,"href":"https:\/\/test.cduasl.ca\/test_site\/wp-json\/wp\/v2\/comments?post=325"}],"version-history":[{"count":11,"href":"https:\/\/test.cduasl.ca\/test_site\/wp-json\/wp\/v2\/pages\/325\/revisions"}],"predecessor-version":[{"id":289593,"href":"https:\/\/test.cduasl.ca\/test_site\/wp-json\/wp\/v2\/pages\/325\/revisions\/289593"}],"wp:featuredmedia":[{"embeddable":true,"href":"https:\/\/test.cduasl.ca\/test_site\/wp-json\/wp\/v2\/media\/42800"}],"wp:attachment":[{"href":"https:\/\/test.cduasl.ca\/test_site\/wp-json\/wp\/v2\/media?parent=325"}],"curies":[{"name":"wp","href":"https:\/\/api.w.org\/{rel}","templated":true}]}}